{"id":56,"date":"2023-12-10T18:22:44","date_gmt":"2023-12-10T18:22:44","guid":{"rendered":"https:\/\/firesplan.es\/?page_id=56"},"modified":"2023-12-10T18:53:17","modified_gmt":"2023-12-10T18:53:17","slug":"memorias-y-planes-de-seguridad","status":"publish","type":"page","link":"https:\/\/firesplan.es\/?page_id=56","title":{"rendered":"Memorias y Planes de Seguridad"},"content":{"rendered":"\n<p>Conforme a la normativa de actividades clasificadas y espect\u00e1culos p\u00fablicos, algunos eventos requieren una MEMORIA o PLAN DE SEGURIDAD, previa a la concesi\u00f3n de la preceptiva autorizaci\u00f3n.<\/p>\n\n\n\n<p>En FIRESPLAN nos encargamos de planificar la seguridad de la actividad o espect\u00e1culo, ofreciendo nuestros servicios de direcci\u00f3n t\u00e9cnica durante su desarrollo.<\/p>\n\n\n\n<figure class=\"wp-block-image size-large\"><img loading=\"lazy\" decoding=\"async\" width=\"1024\" height=\"437\" src=\"https:\/\/firesplan.es\/wp-content\/uploads\/2023\/12\/CABECERA-MEMORIAS-Y-PLANES-1024x437.png\" alt=\"\" class=\"wp-image-61\" srcset=\"https:\/\/firesplan.es\/wp-content\/uploads\/2023\/12\/CABECERA-MEMORIAS-Y-PLANES-1024x437.png 1024w, https:\/\/firesplan.es\/wp-content\/uploads\/2023\/12\/CABECERA-MEMORIAS-Y-PLANES-300x128.png 300w, https:\/\/firesplan.es\/wp-content\/uploads\/2023\/12\/CABECERA-MEMORIAS-Y-PLANES-768x328.png 768w, https:\/\/firesplan.es\/wp-content\/uploads\/2023\/12\/CABECERA-MEMORIAS-Y-PLANES-1536x656.png 1536w, https:\/\/firesplan.es\/wp-content\/uploads\/2023\/12\/CABECERA-MEMORIAS-Y-PLANES.png 1920w\" sizes=\"(max-width: 1024px) 100vw, 1024px\" \/><\/figure>\n","protected":false},"excerpt":{"rendered":"<p>Conforme a la normativa de actividades clasificadas y espect\u00e1culos p\u00fablicos, algunos eventos requieren una MEMORIA o PLAN DE SEGURIDAD, previa a la concesi\u00f3n de la<span class=\"more-button\"><a href=\"https:\/\/firesplan.es\/?page_id=56\" class=\"more-link\">Leer m\u00e1s<span class=\"screen-reader-text\">Memorias y Planes de Seguridad<\/span><\/a><\/span><\/p>\n","protected":false},"author":1,"featured_media":61,"parent":0,"menu_order":1,"comment_status":"closed","ping_status":"closed","template":"","meta":{"footnotes":""},"_links":{"self":[{"href":"https:\/\/firesplan.es\/index.php?rest_route=\/wp\/v2\/pages\/56"}],"collection":[{"href":"https:\/\/firesplan.es\/index.php?rest_route=\/wp\/v2\/pages"}],"about":[{"href":"https:\/\/firesplan.es\/index.php?rest_route=\/wp\/v2\/types\/page"}],"author":[{"embeddable":true,"href":"https:\/\/firesplan.es\/index.php?rest_route=\/wp\/v2\/users\/1"}],"replies":[{"embeddable":true,"href":"https:\/\/firesplan.es\/index.php?rest_route=%2Fwp%2Fv2%2Fcomments&post=56"}],"version-history":[{"count":2,"href":"https:\/\/firesplan.es\/index.php?rest_route=\/wp\/v2\/pages\/56\/revisions"}],"predecessor-version":[{"id":62,"href":"https:\/\/firesplan.es\/index.php?rest_route=\/wp\/v2\/pages\/56\/revisions\/62"}],"wp:featuredmedia":[{"embeddable":true,"href":"https:\/\/firesplan.es\/index.php?rest_route=\/wp\/v2\/media\/61"}],"wp:attachment":[{"href":"https:\/\/firesplan.es\/index.php?rest_route=%2Fwp%2Fv2%2Fmedia&parent=56"}],"curies":[{"name":"wp","href":"https:\/\/api.w.org\/{rel}","templated":true}]}}