{"id":59,"date":"2023-12-10T18:24:00","date_gmt":"2023-12-10T18:24:00","guid":{"rendered":"https:\/\/firesplan.es\/?page_id=59"},"modified":"2023-12-19T17:56:50","modified_gmt":"2023-12-19T17:56:50","slug":"asesoria-de-seguridad","status":"publish","type":"page","link":"https:\/\/firesplan.es\/?page_id=59","title":{"rendered":"Asesor\u00eda de Seguridad"},"content":{"rendered":"\n<p>Muchas empresas necesitan contratar diversos servicios de seguridad tales como vigilancia y protecci\u00f3n, alarmas, sistemas de protecci\u00f3n activa contra incendios, se\u00f1al\u00e9tica, etc.<\/p>\n\n\n\n<p>FIRESPLAN le asesorar\u00e1 y le pondr\u00e1 en contacto con los mejores profesionales, buscando el servicio y precio que mejor se adapte a sus necesidades.<\/p>\n\n\n\n<p>Asimismo, si ya dispone de un servicio de los se\u00f1alados y necesita conocer si el mismo se desarrolla adecuadamente, nuestro personal lo evaluar\u00e1 y emitir\u00e1 un INFORME DE ESTADO.<\/p>\n\n\n\n<figure class=\"wp-block-image size-large\"><img loading=\"lazy\" decoding=\"async\" width=\"1024\" height=\"437\" src=\"https:\/\/firesplan.es\/wp-content\/uploads\/2023\/12\/Diseno-sin-titulo-1024x437.png\" alt=\"\" class=\"wp-image-86\" srcset=\"https:\/\/firesplan.es\/wp-content\/uploads\/2023\/12\/Diseno-sin-titulo-1024x437.png 1024w, https:\/\/firesplan.es\/wp-content\/uploads\/2023\/12\/Diseno-sin-titulo-300x128.png 300w, https:\/\/firesplan.es\/wp-content\/uploads\/2023\/12\/Diseno-sin-titulo-768x328.png 768w, https:\/\/firesplan.es\/wp-content\/uploads\/2023\/12\/Diseno-sin-titulo-1536x656.png 1536w, https:\/\/firesplan.es\/wp-content\/uploads\/2023\/12\/Diseno-sin-titulo.png 1920w\" sizes=\"(max-width: 1024px) 100vw, 1024px\" \/><\/figure>\n","protected":false},"excerpt":{"rendered":"<p>Muchas empresas necesitan contratar diversos servicios de seguridad tales como vigilancia y protecci\u00f3n, alarmas, sistemas de protecci\u00f3n activa contra incendios, se\u00f1al\u00e9tica, etc. FIRESPLAN le asesorar\u00e1<span class=\"more-button\"><a href=\"https:\/\/firesplan.es\/?page_id=59\" class=\"more-link\">Leer m\u00e1s<span class=\"screen-reader-text\">Asesor\u00eda de Seguridad<\/span><\/a><\/span><\/p>\n","protected":false},"author":1,"featured_media":0,"parent":0,"menu_order":3,"comment_status":"closed","ping_status":"closed","template":"","meta":{"footnotes":""},"_links":{"self":[{"href":"https:\/\/firesplan.es\/index.php?rest_route=\/wp\/v2\/pages\/59"}],"collection":[{"href":"https:\/\/firesplan.es\/index.php?rest_route=\/wp\/v2\/pages"}],"about":[{"href":"https:\/\/firesplan.es\/index.php?rest_route=\/wp\/v2\/types\/page"}],"author":[{"embeddable":true,"href":"https:\/\/firesplan.es\/index.php?rest_route=\/wp\/v2\/users\/1"}],"replies":[{"embeddable":true,"href":"https:\/\/firesplan.es\/index.php?rest_route=%2Fwp%2Fv2%2Fcomments&post=59"}],"version-history":[{"count":2,"href":"https:\/\/firesplan.es\/index.php?rest_route=\/wp\/v2\/pages\/59\/revisions"}],"predecessor-version":[{"id":87,"href":"https:\/\/firesplan.es\/index.php?rest_route=\/wp\/v2\/pages\/59\/revisions\/87"}],"wp:attachment":[{"href":"https:\/\/firesplan.es\/index.php?rest_route=%2Fwp%2Fv2%2Fmedia&parent=59"}],"curies":[{"name":"wp","href":"https:\/\/api.w.org\/{rel}","templated":true}]}}